{"id":49,"date":"2023-03-08T22:31:52","date_gmt":"2023-03-08T21:31:52","guid":{"rendered":"http:\/\/aviatair.com\/?page_id=49"},"modified":"2023-03-11T08:30:29","modified_gmt":"2023-03-11T07:30:29","slug":"moi-klienci","status":"publish","type":"page","link":"http:\/\/aviatair.com\/?page_id=49","title":{"rendered":"Moi klienci"},"content":{"rendered":"\n<p>W ci\u0105gu dwudziestu lat wyj\u0105tkowo intensywnych lat mojej dzia\u0142alno\u015bci uda\u0142o mi si\u0119 wyszkoli\u0107, zrekrutowa\u0107 i oceni\u0107 tysi\u0105ce zadowolonych os\u00f3b w wielu znanych podmiotach gospodarczych i instytucjach. W wi\u0119kszo\u015bci przypadk\u00f3w us\u0142ugi realizowa\u0142em jednoosobowo. W przypadku realizacji wi\u0119kszych projekt\u00f3w, plan realizowali\u015bmy wraz z zespo\u0142em starannie dobranej i sprawdzonej w czasie kadry lektor\u00f3w oraz t\u0142umaczy. Jestem dumny i szcz\u0119\u015bliwy, \u017ce tak rozpoznawalni gracze wielokrotnie i d\u0142ugotrwale korzystali z&nbsp;us\u0142ug AVIATAIR.COM<\/p>\n\n\n\n<p><strong>Akademia Sztuki Wojennej<\/strong><\/p>\n\n\n\n<p><strong>Ambasada Szwecji<\/strong><\/p>\n\n\n\n<p><strong>Collegium Civitas<\/strong><\/p>\n\n\n\n<p><strong>Diebold<\/strong><\/p>\n\n\n\n<p><strong>Discovery Channel<\/strong><\/p>\n\n\n\n<p><strong>Ministerstwo Rodziny i Polityki Spo\u0142ecznej<\/strong><\/p>\n\n\n\n<p><strong>Ministerstwo Rozwoju Lokalnego<\/strong><\/p>\n\n\n\n<p><strong>Nike<\/strong><\/p>\n\n\n\n<p><strong>Nissan<\/strong><\/p>\n\n\n\n<p><strong>Polskie Centrum Akredytacji (PCA)<\/strong><\/p>\n\n\n\n<p><strong>Polskie Centrum Bada\u0144 i Certyfikacji (PCBC)<\/strong><\/p>\n\n\n\n<p><strong>Polskie Linie Lotnicze LOT<\/strong><\/p>\n\n\n\n<p><strong>PwC<\/strong><\/p>\n\n\n\n<p><strong>Szko\u0142a Lotnicza<\/strong>&nbsp;<strong>Runway<\/strong><\/p>\n\n\n\n<p><strong>36 Specjalny Pu\u0142k Lotnictwa Transportowego<\/strong><\/p>\n","protected":false},"excerpt":{"rendered":"<p>W ci\u0105gu dwudziestu lat wyj\u0105tkowo intensywnych lat mojej dzia\u0142alno\u015bci uda\u0142o mi si\u0119 wyszkoli\u0107, zrekrutowa\u0107 i oceni\u0107 tysi\u0105ce zadowolonych os\u00f3b w wielu znanych podmiotach gospodarczych i instytucjach. W wi\u0119kszo\u015bci przypadk\u00f3w us\u0142ugi realizowa\u0142em jednoosobowo. W przypadku realizacji wi\u0119kszych projekt\u00f3w, plan realizowali\u015bmy wraz z zespo\u0142em starannie dobranej i sprawdzonej w czasie kadry lektor\u00f3w oraz t\u0142umaczy. Jestem dumny i&hellip; <a class=\"more-link\" href=\"http:\/\/aviatair.com\/?page_id=49\">Continue reading <span class=\"screen-reader-text\">Moi klienci<\/span><\/a><\/p>\n","protected":false},"author":1,"featured_media":0,"parent":0,"menu_order":0,"comment_status":"closed","ping_status":"closed","template":"","meta":{"footnotes":""},"class_list":["post-49","page","type-page","status-publish","hentry","entry"],"_links":{"self":[{"href":"http:\/\/aviatair.com\/index.php?rest_route=\/wp\/v2\/pages\/49","targetHints":{"allow":["GET"]}}],"collection":[{"href":"http:\/\/aviatair.com\/index.php?rest_route=\/wp\/v2\/pages"}],"about":[{"href":"http:\/\/aviatair.com\/index.php?rest_route=\/wp\/v2\/types\/page"}],"author":[{"embeddable":true,"href":"http:\/\/aviatair.com\/index.php?rest_route=\/wp\/v2\/users\/1"}],"replies":[{"embeddable":true,"href":"http:\/\/aviatair.com\/index.php?rest_route=%2Fwp%2Fv2%2Fcomments&post=49"}],"version-history":[{"count":2,"href":"http:\/\/aviatair.com\/index.php?rest_route=\/wp\/v2\/pages\/49\/revisions"}],"predecessor-version":[{"id":81,"href":"http:\/\/aviatair.com\/index.php?rest_route=\/wp\/v2\/pages\/49\/revisions\/81"}],"wp:attachment":[{"href":"http:\/\/aviatair.com\/index.php?rest_route=%2Fwp%2Fv2%2Fmedia&parent=49"}],"curies":[{"name":"wp","href":"https:\/\/api.w.org\/{rel}","templated":true}]}}